{"id":6339,"date":"2024-10-01T11:20:10","date_gmt":"2024-10-01T09:20:10","guid":{"rendered":"https:\/\/www.trappistwestmalle.be\/product\/maillot-de-cyclisme-westmalle-femme\/"},"modified":"2025-11-20T16:37:08","modified_gmt":"2025-11-20T14:37:08","slug":"maillot-de-cyclisme-westmalle-femme","status":"publish","type":"product","link":"https:\/\/www.trappistwestmalle.be\/fr\/produit\/maillot-de-cyclisme-westmalle-femme\/","title":{"rendered":"Maillot de cyclisme Westmalle &#8211; femme"},"content":{"rendered":"<p>Nos nouveaux maillots de cyclisme dans le bleu d&rsquo;Extra sont un must pour tous les amateurs de bi\u00e8re sur le v\u00e9lo. Que vous soyez un cycliste averti ou que vous aimiez simplement savourer une Westmalle bien m\u00e9rit\u00e9e sur la terrasse apr\u00e8s votre sortie, ce maillot de cycliste vous permettra de vous sentir toujours en pleine forme !<\/p>\n<p>&nbsp;<\/p>\n<h4>Pourquoi vous le voulez :<\/h4>\n<ul>\n<li>L\u00e9ger et respirant, il vous permet de ne transpirer qu&rsquo;\u00e0 l&rsquo;effort (et non \u00e0 cause de votre tenue) !<\/li>\n<li>Disponible pour les hommes et les femmes. <a href=\"https:\/\/www.trappistwestmalle.be\/fr\/produit\/maillot-de-cyclisme-westmalle-homme\/\">D\u00e9couvrez le mod\u00e8le pour hommes ici<\/a>.<\/li>\n<\/ul>\n<h4>Conseils de taille :<\/h4>\n<p>Veuillez noter que ce maillot de cyclisme est de taille italienne et qu&rsquo;il est donc un peu plus petit. Mesurez vous correctement et consultez notre <a href=\"https:\/\/www.trappistwestmalle.be\/wp-content\/uploads\/2024\/10\/Maattabel-1.pdf\">tableau des tailles<\/a> pour trouver la bonne taille. Vous avez des doutes ? Augmentez d&rsquo;une taille pour une plus grande libert\u00e9 de mouvement. Et n&rsquo;oubliez pas : portez toujours des sous-v\u00eatements lorsque vous essayez les shorts, car l&rsquo;hygi\u00e8ne passe avant tout !<\/p>\n<h4>Instructions de lavage :<\/h4>\n<p>Prenez soin de votre maillot de cyclisme et il prendra soin de vous. Lavez-le \u00e0 l&rsquo;envers \u00e0 une temp\u00e9rature maximale de 30\u00b0C et mettez-le \u00e0 s\u00e9cher \u00e0 l&rsquo;abri de la lumi\u00e8re directe du soleil. Consultez <a href=\"https:\/\/www.vermarcsport.com\/nl\/wastips\">ces conseils de lavage<\/a> pour plus d&rsquo;informations.<\/p>\n<h4>Politique de retour :<\/h4>\n<p>Nous aimons que vous soyez satisfaits, mais dans le cas o\u00f9 votre maillot ne vous conviendrait pas, veuillez noter que les retours sont \u00e0 votre charge.<\/p>\n","protected":false},"excerpt":{"rendered":"<p>Nos nouveaux maillots de cyclisme dans le bleu d&rsquo;Extra sont un must pour tous les amateurs de bi\u00e8re sur le v\u00e9lo. Que vous soyez un cycliste averti ou que vous aimiez simplement savourer une Westmalle bien m\u00e9rit\u00e9e sur la terrasse apr\u00e8s votre sortie, ce maillot de cycliste vous permettra de vous sentir toujours en pleine [&hellip;]<\/p>\n","protected":false},"featured_media":6223,"comment_status":"closed","ping_status":"closed","template":"","meta":{"_acf_changed":false},"product_brand":[],"product_cat":[80],"product_tag":[],"class_list":{"0":"post-6339","1":"product","2":"type-product","3":"status-publish","4":"has-post-thumbnail","6":"product_cat-vetements","8":"first","9":"instock","10":"taxable","11":"shipping-taxable","12":"purchasable","13":"product-type-variable"},"acf":[],"yoast_head":"<!-- This site is optimized with the Yoast SEO plugin v27.2 - https:\/\/yoast.com\/product\/yoast-seo-wordpress\/ -->\n<title>Maillot de cyclisme Westmalle - femme - Trappist Westmalle<\/title>\n<meta name=\"description\" content=\"Le maillot de cyclisme dans le bleu d&#039;Extra est un must pour tous les amateurs de bi\u00e8re sur le v\u00e9lo. Avec ce maillot de cycliste, vous vous sentirez toujours en pleine forme !\" \/>\n<meta name=\"robots\" content=\"index, follow, max-snippet:-1, max-image-preview:large, max-video-preview:-1\" \/>\n<link rel=\"canonical\" href=\"https:\/\/www.trappistwestmalle.be\/fr\/produit\/maillot-de-cyclisme-westmalle-femme\/\" \/>\n<meta property=\"og:locale\" content=\"fr_FR\" \/>\n<meta property=\"og:type\" content=\"article\" \/>\n<meta property=\"og:title\" content=\"Maillot de cyclisme Westmalle - femme - Trappist Westmalle\" \/>\n<meta property=\"og:description\" content=\"Le maillot de cyclisme dans le bleu d&#039;Extra est un must pour tous les amateurs de bi\u00e8re sur le v\u00e9lo. Avec ce maillot de cycliste, vous vous sentirez toujours en pleine forme !\" \/>\n<meta property=\"og:url\" content=\"https:\/\/www.trappistwestmalle.be\/fr\/produit\/maillot-de-cyclisme-westmalle-femme\/\" \/>\n<meta property=\"og:site_name\" content=\"Trappist Westmalle\" \/>\n<meta property=\"article:modified_time\" content=\"2025-11-20T14:37:08+00:00\" \/>\n<meta property=\"og:image\" content=\"https:\/\/www.trappistwestmalle.be\/wp-content\/uploads\/2024\/10\/TRUI-KM-VROUW.png\" \/>\n\t<meta property=\"og:image:width\" content=\"2478\" \/>\n\t<meta property=\"og:image:height\" content=\"1978\" \/>\n\t<meta property=\"og:image:type\" content=\"image\/png\" \/>\n<meta name=\"twitter:card\" content=\"summary_large_image\" \/>\n<meta name=\"twitter:label1\" content=\"Dur\u00e9e de lecture estim\u00e9e\" \/>\n\t<meta name=\"twitter:data1\" content=\"1 minute\" \/>\n<script type=\"application\/ld+json\" class=\"yoast-schema-graph\">{\"@context\":\"https:\/\/schema.org\",\"@graph\":[{\"@type\":\"WebPage\",\"@id\":\"https:\/\/www.trappistwestmalle.be\/fr\/produit\/maillot-de-cyclisme-westmalle-femme\/\",\"url\":\"https:\/\/www.trappistwestmalle.be\/fr\/produit\/maillot-de-cyclisme-westmalle-femme\/\",\"name\":\"Maillot de cyclisme Westmalle - femme - Trappist Westmalle\",\"isPartOf\":{\"@id\":\"https:\/\/www.trappistwestmalle.be\/fr\/#website\"},\"primaryImageOfPage\":{\"@id\":\"https:\/\/www.trappistwestmalle.be\/fr\/produit\/maillot-de-cyclisme-westmalle-femme\/#primaryimage\"},\"image\":{\"@id\":\"https:\/\/www.trappistwestmalle.be\/fr\/produit\/maillot-de-cyclisme-westmalle-femme\/#primaryimage\"},\"thumbnailUrl\":\"https:\/\/www.trappistwestmalle.be\/wp-content\/uploads\/2024\/10\/TRUI-KM-VROUW.png\",\"datePublished\":\"2024-10-01T09:20:10+00:00\",\"dateModified\":\"2025-11-20T14:37:08+00:00\",\"description\":\"Le maillot de cyclisme dans le bleu d'Extra est un must pour tous les amateurs de bi\u00e8re sur le v\u00e9lo. Avec ce maillot de cycliste, vous vous sentirez toujours en pleine forme !\",\"breadcrumb\":{\"@id\":\"https:\/\/www.trappistwestmalle.be\/fr\/produit\/maillot-de-cyclisme-westmalle-femme\/#breadcrumb\"},\"inLanguage\":\"fr-FR\",\"potentialAction\":[{\"@type\":\"ReadAction\",\"target\":[\"https:\/\/www.trappistwestmalle.be\/fr\/produit\/maillot-de-cyclisme-westmalle-femme\/\"]}]},{\"@type\":\"ImageObject\",\"inLanguage\":\"fr-FR\",\"@id\":\"https:\/\/www.trappistwestmalle.be\/fr\/produit\/maillot-de-cyclisme-westmalle-femme\/#primaryimage\",\"url\":\"https:\/\/www.trappistwestmalle.be\/wp-content\/uploads\/2024\/10\/TRUI-KM-VROUW.png\",\"contentUrl\":\"https:\/\/www.trappistwestmalle.be\/wp-content\/uploads\/2024\/10\/TRUI-KM-VROUW.png\",\"width\":2478,\"height\":1978,\"caption\":\"Maillot de cycliste de Westmalle femme\"},{\"@type\":\"BreadcrumbList\",\"@id\":\"https:\/\/www.trappistwestmalle.be\/fr\/produit\/maillot-de-cyclisme-westmalle-femme\/#breadcrumb\",\"itemListElement\":[{\"@type\":\"ListItem\",\"position\":1,\"name\":\"Home\",\"item\":\"https:\/\/www.trappistwestmalle.be\/fr\/\"},{\"@type\":\"ListItem\",\"position\":2,\"name\":\"Maillot de cyclisme Westmalle &#8211; femme\"}]},{\"@type\":\"WebSite\",\"@id\":\"https:\/\/www.trappistwestmalle.be\/fr\/#website\",\"url\":\"https:\/\/www.trappistwestmalle.be\/fr\/\",\"name\":\"Trappist Westmalle\",\"description\":\"Abdij der Trappisten Westmalle\",\"potentialAction\":[{\"@type\":\"SearchAction\",\"target\":{\"@type\":\"EntryPoint\",\"urlTemplate\":\"https:\/\/www.trappistwestmalle.be\/fr\/?s={search_term_string}\"},\"query-input\":{\"@type\":\"PropertyValueSpecification\",\"valueRequired\":true,\"valueName\":\"search_term_string\"}}],\"inLanguage\":\"fr-FR\"}]}<\/script>\n<!-- \/ Yoast SEO plugin. -->","yoast_head_json":{"title":"Maillot de cyclisme Westmalle - femme - Trappist Westmalle","description":"Le maillot de cyclisme dans le bleu d'Extra est un must pour tous les amateurs de bi\u00e8re sur le v\u00e9lo. Avec ce maillot de cycliste, vous vous sentirez toujours en pleine forme !","robots":{"index":"index","follow":"follow","max-snippet":"max-snippet:-1","max-image-preview":"max-image-preview:large","max-video-preview":"max-video-preview:-1"},"canonical":"https:\/\/www.trappistwestmalle.be\/fr\/produit\/maillot-de-cyclisme-westmalle-femme\/","og_locale":"fr_FR","og_type":"article","og_title":"Maillot de cyclisme Westmalle - femme - Trappist Westmalle","og_description":"Le maillot de cyclisme dans le bleu d'Extra est un must pour tous les amateurs de bi\u00e8re sur le v\u00e9lo. Avec ce maillot de cycliste, vous vous sentirez toujours en pleine forme !","og_url":"https:\/\/www.trappistwestmalle.be\/fr\/produit\/maillot-de-cyclisme-westmalle-femme\/","og_site_name":"Trappist Westmalle","article_modified_time":"2025-11-20T14:37:08+00:00","og_image":[{"width":2478,"height":1978,"url":"https:\/\/www.trappistwestmalle.be\/wp-content\/uploads\/2024\/10\/TRUI-KM-VROUW.png","type":"image\/png"}],"twitter_card":"summary_large_image","twitter_misc":{"Dur\u00e9e de lecture estim\u00e9e":"1 minute"},"schema":{"@context":"https:\/\/schema.org","@graph":[{"@type":"WebPage","@id":"https:\/\/www.trappistwestmalle.be\/fr\/produit\/maillot-de-cyclisme-westmalle-femme\/","url":"https:\/\/www.trappistwestmalle.be\/fr\/produit\/maillot-de-cyclisme-westmalle-femme\/","name":"Maillot de cyclisme Westmalle - femme - Trappist Westmalle","isPartOf":{"@id":"https:\/\/www.trappistwestmalle.be\/fr\/#website"},"primaryImageOfPage":{"@id":"https:\/\/www.trappistwestmalle.be\/fr\/produit\/maillot-de-cyclisme-westmalle-femme\/#primaryimage"},"image":{"@id":"https:\/\/www.trappistwestmalle.be\/fr\/produit\/maillot-de-cyclisme-westmalle-femme\/#primaryimage"},"thumbnailUrl":"https:\/\/www.trappistwestmalle.be\/wp-content\/uploads\/2024\/10\/TRUI-KM-VROUW.png","datePublished":"2024-10-01T09:20:10+00:00","dateModified":"2025-11-20T14:37:08+00:00","description":"Le maillot de cyclisme dans le bleu d'Extra est un must pour tous les amateurs de bi\u00e8re sur le v\u00e9lo. Avec ce maillot de cycliste, vous vous sentirez toujours en pleine forme !","breadcrumb":{"@id":"https:\/\/www.trappistwestmalle.be\/fr\/produit\/maillot-de-cyclisme-westmalle-femme\/#breadcrumb"},"inLanguage":"fr-FR","potentialAction":[{"@type":"ReadAction","target":["https:\/\/www.trappistwestmalle.be\/fr\/produit\/maillot-de-cyclisme-westmalle-femme\/"]}]},{"@type":"ImageObject","inLanguage":"fr-FR","@id":"https:\/\/www.trappistwestmalle.be\/fr\/produit\/maillot-de-cyclisme-westmalle-femme\/#primaryimage","url":"https:\/\/www.trappistwestmalle.be\/wp-content\/uploads\/2024\/10\/TRUI-KM-VROUW.png","contentUrl":"https:\/\/www.trappistwestmalle.be\/wp-content\/uploads\/2024\/10\/TRUI-KM-VROUW.png","width":2478,"height":1978,"caption":"Maillot de cycliste de Westmalle femme"},{"@type":"BreadcrumbList","@id":"https:\/\/www.trappistwestmalle.be\/fr\/produit\/maillot-de-cyclisme-westmalle-femme\/#breadcrumb","itemListElement":[{"@type":"ListItem","position":1,"name":"Home","item":"https:\/\/www.trappistwestmalle.be\/fr\/"},{"@type":"ListItem","position":2,"name":"Maillot de cyclisme Westmalle &#8211; femme"}]},{"@type":"WebSite","@id":"https:\/\/www.trappistwestmalle.be\/fr\/#website","url":"https:\/\/www.trappistwestmalle.be\/fr\/","name":"Trappist Westmalle","description":"Abdij der Trappisten Westmalle","potentialAction":[{"@type":"SearchAction","target":{"@type":"EntryPoint","urlTemplate":"https:\/\/www.trappistwestmalle.be\/fr\/?s={search_term_string}"},"query-input":{"@type":"PropertyValueSpecification","valueRequired":true,"valueName":"search_term_string"}}],"inLanguage":"fr-FR"}]}},"_links":{"self":[{"href":"https:\/\/www.trappistwestmalle.be\/fr\/wp-json\/wp\/v2\/product\/6339","targetHints":{"allow":["GET"]}}],"collection":[{"href":"https:\/\/www.trappistwestmalle.be\/fr\/wp-json\/wp\/v2\/product"}],"about":[{"href":"https:\/\/www.trappistwestmalle.be\/fr\/wp-json\/wp\/v2\/types\/product"}],"replies":[{"embeddable":true,"href":"https:\/\/www.trappistwestmalle.be\/fr\/wp-json\/wp\/v2\/comments?post=6339"}],"wp:featuredmedia":[{"embeddable":true,"href":"https:\/\/www.trappistwestmalle.be\/fr\/wp-json\/wp\/v2\/media\/6223"}],"wp:attachment":[{"href":"https:\/\/www.trappistwestmalle.be\/fr\/wp-json\/wp\/v2\/media?parent=6339"}],"wp:term":[{"taxonomy":"product_brand","embeddable":true,"href":"https:\/\/www.trappistwestmalle.be\/fr\/wp-json\/wp\/v2\/product_brand?post=6339"},{"taxonomy":"product_cat","embeddable":true,"href":"https:\/\/www.trappistwestmalle.be\/fr\/wp-json\/wp\/v2\/product_cat?post=6339"},{"taxonomy":"product_tag","embeddable":true,"href":"https:\/\/www.trappistwestmalle.be\/fr\/wp-json\/wp\/v2\/product_tag?post=6339"}],"curies":[{"name":"wp","href":"https:\/\/api.w.org\/{rel}","templated":true}]}}